{"id":3598,"date":"2016-10-16T19:14:39","date_gmt":"2016-10-16T17:14:39","guid":{"rendered":"http:\/\/parafiawielopole.r-ce.pl\/?page_id=3598"},"modified":"2016-10-16T19:20:34","modified_gmt":"2016-10-16T17:20:34","slug":"program-slowno-muzyczny-w-38-rocznice-wyboru-karola-wojtyly-na-papieza-16-10-2016-r","status":"publish","type":"page","link":"http:\/\/parafiawielopole.r-ce.pl\/?page_id=3598","title":{"rendered":"Program s\u0142owno-muzyczny w 38. rocznic\u0119 wyboru Karola Wojty\u0142y na Papie\u017ca 16.10.2016 r."},"content":{"rendered":"<p><iframe loading=\"lazy\" width=\"560\" height=\"315\" src=\"https:\/\/www.youtube.com\/embed\/1T_U9HFrUKU\" frameborder=\"0\" allowfullscreen><\/iframe><br \/>\n\r\n<div class=\"ngg-galleryoverview\" id=\"ngg-gallery-128-3598\">\r\n\r\n\t<!-- Slideshow link -->\r\n\t<div class=\"slideshowlink\">\r\n\t\t<a class=\"slideshowlink\" href=\"http:\/\/parafiawielopole.r-ce.pl\/?page_id=3598&amp;show=slide\">\r\n\t\t\tPokaz slajd\u00f3w\t\t<\/a>\r\n\t<\/div>\r\n\r\n\t\r\n\t<!-- Thumbnails -->\r\n\t\t\r\n\t<div id=\"ngg-image-5196\" class=\"ngg-gallery-thumbnail-box\"  >\r\n\t\t<div class=\"ngg-gallery-thumbnail\" >\r\n\t\t\t<a href=\"http:\/\/parafiawielopole.r-ce.pl\/wp-content\/gallery\/program-slowno-muzyczny-w-38-rocznice-wyboru-karola-wojtyly-na-papieza-16-10-2016-r\/dsc00002.jpg\" title=\" \" class=\"shutterset_set_128\" >\r\n\t\t\t\t\t\t\t\t<img loading=\"lazy\" decoding=\"async\" title=\"dsc00002\" alt=\"dsc00002\" src=\"http:\/\/parafiawielopole.r-ce.pl\/wp-content\/gallery\/program-slowno-muzyczny-w-38-rocznice-wyboru-karola-wojtyly-na-papieza-16-10-2016-r\/thumbs\/thumbs_dsc00002.jpg\" width=\"120\" height=\"90\" \/>\r\n\t\t\t\t\t\t\t<\/a>\r\n\t\t<\/div>\r\n\t<\/div>\r\n\t\r\n\t\t\r\n \t\t\r\n\t<div id=\"ngg-image-5197\" class=\"ngg-gallery-thumbnail-box\"  >\r\n\t\t<div class=\"ngg-gallery-thumbnail\" >\r\n\t\t\t<a href=\"http:\/\/parafiawielopole.r-ce.pl\/wp-content\/gallery\/program-slowno-muzyczny-w-38-rocznice-wyboru-karola-wojtyly-na-papieza-16-10-2016-r\/dsc00004.jpg\" title=\" \" class=\"shutterset_set_128\" >\r\n\t\t\t\t\t\t\t\t<img loading=\"lazy\" decoding=\"async\" title=\"dsc00004\" alt=\"dsc00004\" src=\"http:\/\/parafiawielopole.r-ce.pl\/wp-content\/gallery\/program-slowno-muzyczny-w-38-rocznice-wyboru-karola-wojtyly-na-papieza-16-10-2016-r\/thumbs\/thumbs_dsc00004.jpg\" width=\"120\" height=\"90\" \/>\r\n\t\t\t\t\t\t\t<\/a>\r\n\t\t<\/div>\r\n\t<\/div>\r\n\t\r\n\t\t\r\n \t\t\r\n\t<div id=\"ngg-image-5198\" class=\"ngg-gallery-thumbnail-box\"  >\r\n\t\t<div class=\"ngg-gallery-thumbnail\" >\r\n\t\t\t<a href=\"http:\/\/parafiawielopole.r-ce.pl\/wp-content\/gallery\/program-slowno-muzyczny-w-38-rocznice-wyboru-karola-wojtyly-na-papieza-16-10-2016-r\/dsc00005.jpg\" title=\" \" class=\"shutterset_set_128\" >\r\n\t\t\t\t\t\t\t\t<img loading=\"lazy\" decoding=\"async\" title=\"dsc00005\" alt=\"dsc00005\" src=\"http:\/\/parafiawielopole.r-ce.pl\/wp-content\/gallery\/program-slowno-muzyczny-w-38-rocznice-wyboru-karola-wojtyly-na-papieza-16-10-2016-r\/thumbs\/thumbs_dsc00005.jpg\" width=\"120\" height=\"90\" \/>\r\n\t\t\t\t\t\t\t<\/a>\r\n\t\t<\/div>\r\n\t<\/div>\r\n\t\r\n\t\t\r\n \t\t\r\n\t<div id=\"ngg-image-5199\" class=\"ngg-gallery-thumbnail-box\"  >\r\n\t\t<div class=\"ngg-gallery-thumbnail\" >\r\n\t\t\t<a href=\"http:\/\/parafiawielopole.r-ce.pl\/wp-content\/gallery\/program-slowno-muzyczny-w-38-rocznice-wyboru-karola-wojtyly-na-papieza-16-10-2016-r\/dsc00007.jpg\" title=\" \" class=\"shutterset_set_128\" >\r\n\t\t\t\t\t\t\t\t<img loading=\"lazy\" decoding=\"async\" title=\"dsc00007\" alt=\"dsc00007\" src=\"http:\/\/parafiawielopole.r-ce.pl\/wp-content\/gallery\/program-slowno-muzyczny-w-38-rocznice-wyboru-karola-wojtyly-na-papieza-16-10-2016-r\/thumbs\/thumbs_dsc00007.jpg\" width=\"120\" height=\"90\" \/>\r\n\t\t\t\t\t\t\t<\/a>\r\n\t\t<\/div>\r\n\t<\/div>\r\n\t\r\n\t\t\r\n \t\t\r\n\t<div id=\"ngg-image-5200\" class=\"ngg-gallery-thumbnail-box\"  >\r\n\t\t<div class=\"ngg-gallery-thumbnail\" >\r\n\t\t\t<a href=\"http:\/\/parafiawielopole.r-ce.pl\/wp-content\/gallery\/program-slowno-muzyczny-w-38-rocznice-wyboru-karola-wojtyly-na-papieza-16-10-2016-r\/dsc00008.jpg\" title=\" \" class=\"shutterset_set_128\" >\r\n\t\t\t\t\t\t\t\t<img loading=\"lazy\" decoding=\"async\" title=\"dsc00008\" alt=\"dsc00008\" src=\"http:\/\/parafiawielopole.r-ce.pl\/wp-content\/gallery\/program-slowno-muzyczny-w-38-rocznice-wyboru-karola-wojtyly-na-papieza-16-10-2016-r\/thumbs\/thumbs_dsc00008.jpg\" width=\"120\" height=\"90\" \/>\r\n\t\t\t\t\t\t\t<\/a>\r\n\t\t<\/div>\r\n\t<\/div>\r\n\t\r\n\t\t\r\n \t\t\r\n\t<div id=\"ngg-image-5201\" class=\"ngg-gallery-thumbnail-box\"  >\r\n\t\t<div class=\"ngg-gallery-thumbnail\" >\r\n\t\t\t<a href=\"http:\/\/parafiawielopole.r-ce.pl\/wp-content\/gallery\/program-slowno-muzyczny-w-38-rocznice-wyboru-karola-wojtyly-na-papieza-16-10-2016-r\/dsc00010.jpg\" title=\" \" class=\"shutterset_set_128\" >\r\n\t\t\t\t\t\t\t\t<img loading=\"lazy\" decoding=\"async\" title=\"dsc00010\" alt=\"dsc00010\" src=\"http:\/\/parafiawielopole.r-ce.pl\/wp-content\/gallery\/program-slowno-muzyczny-w-38-rocznice-wyboru-karola-wojtyly-na-papieza-16-10-2016-r\/thumbs\/thumbs_dsc00010.jpg\" width=\"120\" height=\"90\" \/>\r\n\t\t\t\t\t\t\t<\/a>\r\n\t\t<\/div>\r\n\t<\/div>\r\n\t\r\n\t\t\r\n \t\t\r\n\t<div id=\"ngg-image-5202\" class=\"ngg-gallery-thumbnail-box\"  >\r\n\t\t<div class=\"ngg-gallery-thumbnail\" >\r\n\t\t\t<a href=\"http:\/\/parafiawielopole.r-ce.pl\/wp-content\/gallery\/program-slowno-muzyczny-w-38-rocznice-wyboru-karola-wojtyly-na-papieza-16-10-2016-r\/dsc00011.jpg\" title=\" \" class=\"shutterset_set_128\" >\r\n\t\t\t\t\t\t\t\t<img loading=\"lazy\" decoding=\"async\" title=\"dsc00011\" alt=\"dsc00011\" src=\"http:\/\/parafiawielopole.r-ce.pl\/wp-content\/gallery\/program-slowno-muzyczny-w-38-rocznice-wyboru-karola-wojtyly-na-papieza-16-10-2016-r\/thumbs\/thumbs_dsc00011.jpg\" width=\"120\" height=\"90\" \/>\r\n\t\t\t\t\t\t\t<\/a>\r\n\t\t<\/div>\r\n\t<\/div>\r\n\t\r\n\t\t\r\n \t\t\r\n\t<div id=\"ngg-image-5203\" class=\"ngg-gallery-thumbnail-box\"  >\r\n\t\t<div class=\"ngg-gallery-thumbnail\" >\r\n\t\t\t<a href=\"http:\/\/parafiawielopole.r-ce.pl\/wp-content\/gallery\/program-slowno-muzyczny-w-38-rocznice-wyboru-karola-wojtyly-na-papieza-16-10-2016-r\/dsc00012.jpg\" title=\" \" class=\"shutterset_set_128\" >\r\n\t\t\t\t\t\t\t\t<img loading=\"lazy\" decoding=\"async\" title=\"dsc00012\" alt=\"dsc00012\" src=\"http:\/\/parafiawielopole.r-ce.pl\/wp-content\/gallery\/program-slowno-muzyczny-w-38-rocznice-wyboru-karola-wojtyly-na-papieza-16-10-2016-r\/thumbs\/thumbs_dsc00012.jpg\" width=\"120\" height=\"90\" \/>\r\n\t\t\t\t\t\t\t<\/a>\r\n\t\t<\/div>\r\n\t<\/div>\r\n\t\r\n\t\t\r\n \t\t\r\n\t<div id=\"ngg-image-5204\" class=\"ngg-gallery-thumbnail-box\"  >\r\n\t\t<div class=\"ngg-gallery-thumbnail\" >\r\n\t\t\t<a href=\"http:\/\/parafiawielopole.r-ce.pl\/wp-content\/gallery\/program-slowno-muzyczny-w-38-rocznice-wyboru-karola-wojtyly-na-papieza-16-10-2016-r\/dsc00013.jpg\" title=\" \" class=\"shutterset_set_128\" >\r\n\t\t\t\t\t\t\t\t<img loading=\"lazy\" decoding=\"async\" title=\"dsc00013\" alt=\"dsc00013\" src=\"http:\/\/parafiawielopole.r-ce.pl\/wp-content\/gallery\/program-slowno-muzyczny-w-38-rocznice-wyboru-karola-wojtyly-na-papieza-16-10-2016-r\/thumbs\/thumbs_dsc00013.jpg\" width=\"120\" height=\"90\" \/>\r\n\t\t\t\t\t\t\t<\/a>\r\n\t\t<\/div>\r\n\t<\/div>\r\n\t\r\n\t\t\r\n \t\t\r\n\t<div id=\"ngg-image-5205\" class=\"ngg-gallery-thumbnail-box\"  >\r\n\t\t<div class=\"ngg-gallery-thumbnail\" >\r\n\t\t\t<a href=\"http:\/\/parafiawielopole.r-ce.pl\/wp-content\/gallery\/program-slowno-muzyczny-w-38-rocznice-wyboru-karola-wojtyly-na-papieza-16-10-2016-r\/dsc09998.jpg\" title=\" \" class=\"shutterset_set_128\" >\r\n\t\t\t\t\t\t\t\t<img loading=\"lazy\" decoding=\"async\" title=\"dsc09998\" alt=\"dsc09998\" src=\"http:\/\/parafiawielopole.r-ce.pl\/wp-content\/gallery\/program-slowno-muzyczny-w-38-rocznice-wyboru-karola-wojtyly-na-papieza-16-10-2016-r\/thumbs\/thumbs_dsc09998.jpg\" width=\"120\" height=\"90\" \/>\r\n\t\t\t\t\t\t\t<\/a>\r\n\t\t<\/div>\r\n\t<\/div>\r\n\t\r\n\t\t\r\n \t \t\r\n\t<!-- Pagination -->\r\n \t<div class=\"ngg-clear\"><\/div> \t\r\n<\/div>\r\n\r\n<\/p>\n","protected":false},"excerpt":{"rendered":"","protected":false},"author":1,"featured_media":0,"parent":91,"menu_order":0,"comment_status":"closed","ping_status":"closed","template":"","meta":{"footnotes":""},"class_list":["post-3598","page","type-page","status-publish","hentry"],"_links":{"self":[{"href":"http:\/\/parafiawielopole.r-ce.pl\/index.php?rest_route=\/wp\/v2\/pages\/3598","targetHints":{"allow":["GET"]}}],"collection":[{"href":"http:\/\/parafiawielopole.r-ce.pl\/index.php?rest_route=\/wp\/v2\/pages"}],"about":[{"href":"http:\/\/parafiawielopole.r-ce.pl\/index.php?rest_route=\/wp\/v2\/types\/page"}],"author":[{"embeddable":true,"href":"http:\/\/parafiawielopole.r-ce.pl\/index.php?rest_route=\/wp\/v2\/users\/1"}],"replies":[{"embeddable":true,"href":"http:\/\/parafiawielopole.r-ce.pl\/index.php?rest_route=%2Fwp%2Fv2%2Fcomments&post=3598"}],"version-history":[{"count":3,"href":"http:\/\/parafiawielopole.r-ce.pl\/index.php?rest_route=\/wp\/v2\/pages\/3598\/revisions"}],"predecessor-version":[{"id":3601,"href":"http:\/\/parafiawielopole.r-ce.pl\/index.php?rest_route=\/wp\/v2\/pages\/3598\/revisions\/3601"}],"up":[{"embeddable":true,"href":"http:\/\/parafiawielopole.r-ce.pl\/index.php?rest_route=\/wp\/v2\/pages\/91"}],"wp:attachment":[{"href":"http:\/\/parafiawielopole.r-ce.pl\/index.php?rest_route=%2Fwp%2Fv2%2Fmedia&parent=3598"}],"curies":[{"name":"wp","href":"https:\/\/api.w.org\/{rel}","templated":true}]}}