{"id":3532,"date":"2016-10-05T21:01:41","date_gmt":"2016-10-05T19:01:41","guid":{"rendered":"http:\/\/parafiawielopole.r-ce.pl\/?page_id=3532"},"modified":"2016-10-05T21:02:16","modified_gmt":"2016-10-05T19:02:16","slug":"niedziela-rozancowa-02-10-2016-r","status":"publish","type":"page","link":"http:\/\/parafiawielopole.r-ce.pl\/?page_id=3532","title":{"rendered":"Niedziela r\u00f3\u017ca\u0144cowa 02.10.2016 r."},"content":{"rendered":"\r\n<div class=\"ngg-galleryoverview\" id=\"ngg-gallery-124-3532\">\r\n\r\n\t<!-- Slideshow link -->\r\n\t<div class=\"slideshowlink\">\r\n\t\t<a class=\"slideshowlink\" href=\"http:\/\/parafiawielopole.r-ce.pl\/?page_id=3532&amp;show=slide\">\r\n\t\t\tPokaz slajd\u00f3w\t\t<\/a>\r\n\t<\/div>\r\n\r\n\t\r\n\t<!-- Thumbnails -->\r\n\t\t\r\n\t<div id=\"ngg-image-5120\" class=\"ngg-gallery-thumbnail-box\"  >\r\n\t\t<div class=\"ngg-gallery-thumbnail\" >\r\n\t\t\t<a href=\"http:\/\/parafiawielopole.r-ce.pl\/wp-content\/gallery\/niedziela-rozancowa-02-10-2016-r\/dsc09883.jpg\" title=\" \" class=\"shutterset_set_124\" >\r\n\t\t\t\t\t\t\t\t<img loading=\"lazy\" decoding=\"async\" title=\"dsc09883\" alt=\"dsc09883\" src=\"http:\/\/parafiawielopole.r-ce.pl\/wp-content\/gallery\/niedziela-rozancowa-02-10-2016-r\/thumbs\/thumbs_dsc09883.jpg\" width=\"120\" height=\"90\" \/>\r\n\t\t\t\t\t\t\t<\/a>\r\n\t\t<\/div>\r\n\t<\/div>\r\n\t\r\n\t\t\r\n \t\t\r\n\t<div id=\"ngg-image-5121\" class=\"ngg-gallery-thumbnail-box\"  >\r\n\t\t<div class=\"ngg-gallery-thumbnail\" >\r\n\t\t\t<a href=\"http:\/\/parafiawielopole.r-ce.pl\/wp-content\/gallery\/niedziela-rozancowa-02-10-2016-r\/dsc09885.jpg\" title=\" \" class=\"shutterset_set_124\" >\r\n\t\t\t\t\t\t\t\t<img loading=\"lazy\" decoding=\"async\" title=\"dsc09885\" alt=\"dsc09885\" src=\"http:\/\/parafiawielopole.r-ce.pl\/wp-content\/gallery\/niedziela-rozancowa-02-10-2016-r\/thumbs\/thumbs_dsc09885.jpg\" width=\"120\" height=\"90\" \/>\r\n\t\t\t\t\t\t\t<\/a>\r\n\t\t<\/div>\r\n\t<\/div>\r\n\t\r\n\t\t\r\n \t\t\r\n\t<div id=\"ngg-image-5122\" class=\"ngg-gallery-thumbnail-box\"  >\r\n\t\t<div class=\"ngg-gallery-thumbnail\" >\r\n\t\t\t<a href=\"http:\/\/parafiawielopole.r-ce.pl\/wp-content\/gallery\/niedziela-rozancowa-02-10-2016-r\/dsc09886.jpg\" title=\" \" class=\"shutterset_set_124\" >\r\n\t\t\t\t\t\t\t\t<img loading=\"lazy\" decoding=\"async\" title=\"dsc09886\" alt=\"dsc09886\" src=\"http:\/\/parafiawielopole.r-ce.pl\/wp-content\/gallery\/niedziela-rozancowa-02-10-2016-r\/thumbs\/thumbs_dsc09886.jpg\" width=\"120\" height=\"90\" \/>\r\n\t\t\t\t\t\t\t<\/a>\r\n\t\t<\/div>\r\n\t<\/div>\r\n\t\r\n\t\t\r\n \t\t\r\n\t<div id=\"ngg-image-5123\" class=\"ngg-gallery-thumbnail-box\"  >\r\n\t\t<div class=\"ngg-gallery-thumbnail\" >\r\n\t\t\t<a href=\"http:\/\/parafiawielopole.r-ce.pl\/wp-content\/gallery\/niedziela-rozancowa-02-10-2016-r\/dsc09887.jpg\" title=\" \" class=\"shutterset_set_124\" >\r\n\t\t\t\t\t\t\t\t<img loading=\"lazy\" decoding=\"async\" title=\"dsc09887\" alt=\"dsc09887\" src=\"http:\/\/parafiawielopole.r-ce.pl\/wp-content\/gallery\/niedziela-rozancowa-02-10-2016-r\/thumbs\/thumbs_dsc09887.jpg\" width=\"120\" height=\"90\" \/>\r\n\t\t\t\t\t\t\t<\/a>\r\n\t\t<\/div>\r\n\t<\/div>\r\n\t\r\n\t\t\r\n \t\t\r\n\t<div id=\"ngg-image-5124\" class=\"ngg-gallery-thumbnail-box\"  >\r\n\t\t<div class=\"ngg-gallery-thumbnail\" >\r\n\t\t\t<a href=\"http:\/\/parafiawielopole.r-ce.pl\/wp-content\/gallery\/niedziela-rozancowa-02-10-2016-r\/dsc09890.jpg\" title=\" \" class=\"shutterset_set_124\" >\r\n\t\t\t\t\t\t\t\t<img loading=\"lazy\" decoding=\"async\" title=\"dsc09890\" alt=\"dsc09890\" src=\"http:\/\/parafiawielopole.r-ce.pl\/wp-content\/gallery\/niedziela-rozancowa-02-10-2016-r\/thumbs\/thumbs_dsc09890.jpg\" width=\"120\" height=\"90\" \/>\r\n\t\t\t\t\t\t\t<\/a>\r\n\t\t<\/div>\r\n\t<\/div>\r\n\t\r\n\t\t\r\n \t\t\r\n\t<div id=\"ngg-image-5125\" class=\"ngg-gallery-thumbnail-box\"  >\r\n\t\t<div class=\"ngg-gallery-thumbnail\" >\r\n\t\t\t<a href=\"http:\/\/parafiawielopole.r-ce.pl\/wp-content\/gallery\/niedziela-rozancowa-02-10-2016-r\/dsc09891.jpg\" title=\" \" class=\"shutterset_set_124\" >\r\n\t\t\t\t\t\t\t\t<img loading=\"lazy\" decoding=\"async\" title=\"dsc09891\" alt=\"dsc09891\" src=\"http:\/\/parafiawielopole.r-ce.pl\/wp-content\/gallery\/niedziela-rozancowa-02-10-2016-r\/thumbs\/thumbs_dsc09891.jpg\" width=\"120\" height=\"90\" \/>\r\n\t\t\t\t\t\t\t<\/a>\r\n\t\t<\/div>\r\n\t<\/div>\r\n\t\r\n\t\t\r\n \t\t\r\n\t<div id=\"ngg-image-5126\" class=\"ngg-gallery-thumbnail-box\"  >\r\n\t\t<div class=\"ngg-gallery-thumbnail\" >\r\n\t\t\t<a href=\"http:\/\/parafiawielopole.r-ce.pl\/wp-content\/gallery\/niedziela-rozancowa-02-10-2016-r\/dsc09893.jpg\" title=\" \" class=\"shutterset_set_124\" >\r\n\t\t\t\t\t\t\t\t<img loading=\"lazy\" decoding=\"async\" title=\"dsc09893\" alt=\"dsc09893\" src=\"http:\/\/parafiawielopole.r-ce.pl\/wp-content\/gallery\/niedziela-rozancowa-02-10-2016-r\/thumbs\/thumbs_dsc09893.jpg\" width=\"120\" height=\"90\" \/>\r\n\t\t\t\t\t\t\t<\/a>\r\n\t\t<\/div>\r\n\t<\/div>\r\n\t\r\n\t\t\r\n \t\t\r\n\t<div id=\"ngg-image-5127\" class=\"ngg-gallery-thumbnail-box\"  >\r\n\t\t<div class=\"ngg-gallery-thumbnail\" >\r\n\t\t\t<a href=\"http:\/\/parafiawielopole.r-ce.pl\/wp-content\/gallery\/niedziela-rozancowa-02-10-2016-r\/dsc09895.jpg\" title=\" \" class=\"shutterset_set_124\" >\r\n\t\t\t\t\t\t\t\t<img loading=\"lazy\" decoding=\"async\" title=\"dsc09895\" alt=\"dsc09895\" src=\"http:\/\/parafiawielopole.r-ce.pl\/wp-content\/gallery\/niedziela-rozancowa-02-10-2016-r\/thumbs\/thumbs_dsc09895.jpg\" width=\"120\" height=\"90\" \/>\r\n\t\t\t\t\t\t\t<\/a>\r\n\t\t<\/div>\r\n\t<\/div>\r\n\t\r\n\t\t\r\n \t\t\r\n\t<div id=\"ngg-image-5128\" class=\"ngg-gallery-thumbnail-box\"  >\r\n\t\t<div class=\"ngg-gallery-thumbnail\" >\r\n\t\t\t<a href=\"http:\/\/parafiawielopole.r-ce.pl\/wp-content\/gallery\/niedziela-rozancowa-02-10-2016-r\/dsc09896.jpg\" title=\" \" class=\"shutterset_set_124\" >\r\n\t\t\t\t\t\t\t\t<img loading=\"lazy\" decoding=\"async\" title=\"dsc09896\" alt=\"dsc09896\" src=\"http:\/\/parafiawielopole.r-ce.pl\/wp-content\/gallery\/niedziela-rozancowa-02-10-2016-r\/thumbs\/thumbs_dsc09896.jpg\" width=\"120\" height=\"90\" \/>\r\n\t\t\t\t\t\t\t<\/a>\r\n\t\t<\/div>\r\n\t<\/div>\r\n\t\r\n\t\t\r\n \t\t\r\n\t<div id=\"ngg-image-5129\" class=\"ngg-gallery-thumbnail-box\"  >\r\n\t\t<div class=\"ngg-gallery-thumbnail\" >\r\n\t\t\t<a href=\"http:\/\/parafiawielopole.r-ce.pl\/wp-content\/gallery\/niedziela-rozancowa-02-10-2016-r\/dsc09898.jpg\" title=\" \" class=\"shutterset_set_124\" >\r\n\t\t\t\t\t\t\t\t<img loading=\"lazy\" decoding=\"async\" title=\"dsc09898\" alt=\"dsc09898\" src=\"http:\/\/parafiawielopole.r-ce.pl\/wp-content\/gallery\/niedziela-rozancowa-02-10-2016-r\/thumbs\/thumbs_dsc09898.jpg\" width=\"120\" height=\"90\" \/>\r\n\t\t\t\t\t\t\t<\/a>\r\n\t\t<\/div>\r\n\t<\/div>\r\n\t\r\n\t\t\r\n \t\t\r\n\t<div id=\"ngg-image-5130\" class=\"ngg-gallery-thumbnail-box\"  >\r\n\t\t<div class=\"ngg-gallery-thumbnail\" >\r\n\t\t\t<a href=\"http:\/\/parafiawielopole.r-ce.pl\/wp-content\/gallery\/niedziela-rozancowa-02-10-2016-r\/dsc09904.jpg\" title=\" \" class=\"shutterset_set_124\" >\r\n\t\t\t\t\t\t\t\t<img loading=\"lazy\" decoding=\"async\" title=\"dsc09904\" alt=\"dsc09904\" src=\"http:\/\/parafiawielopole.r-ce.pl\/wp-content\/gallery\/niedziela-rozancowa-02-10-2016-r\/thumbs\/thumbs_dsc09904.jpg\" width=\"120\" height=\"90\" \/>\r\n\t\t\t\t\t\t\t<\/a>\r\n\t\t<\/div>\r\n\t<\/div>\r\n\t\r\n\t\t\r\n \t\t\r\n\t<div id=\"ngg-image-5131\" class=\"ngg-gallery-thumbnail-box\"  >\r\n\t\t<div class=\"ngg-gallery-thumbnail\" >\r\n\t\t\t<a href=\"http:\/\/parafiawielopole.r-ce.pl\/wp-content\/gallery\/niedziela-rozancowa-02-10-2016-r\/dsc09908.jpg\" title=\" \" class=\"shutterset_set_124\" >\r\n\t\t\t\t\t\t\t\t<img loading=\"lazy\" decoding=\"async\" title=\"dsc09908\" alt=\"dsc09908\" src=\"http:\/\/parafiawielopole.r-ce.pl\/wp-content\/gallery\/niedziela-rozancowa-02-10-2016-r\/thumbs\/thumbs_dsc09908.jpg\" width=\"120\" height=\"90\" \/>\r\n\t\t\t\t\t\t\t<\/a>\r\n\t\t<\/div>\r\n\t<\/div>\r\n\t\r\n\t\t\r\n \t\t\r\n\t<div id=\"ngg-image-5112\" class=\"ngg-gallery-thumbnail-box\"  >\r\n\t\t<div class=\"ngg-gallery-thumbnail\" >\r\n\t\t\t<a href=\"http:\/\/parafiawielopole.r-ce.pl\/wp-content\/gallery\/niedziela-rozancowa-02-10-2016-r\/dsc09870.jpg\" title=\" \" class=\"shutterset_set_124\" >\r\n\t\t\t\t\t\t\t\t<img loading=\"lazy\" decoding=\"async\" title=\"dsc09870\" alt=\"dsc09870\" src=\"http:\/\/parafiawielopole.r-ce.pl\/wp-content\/gallery\/niedziela-rozancowa-02-10-2016-r\/thumbs\/thumbs_dsc09870.jpg\" width=\"120\" height=\"90\" \/>\r\n\t\t\t\t\t\t\t<\/a>\r\n\t\t<\/div>\r\n\t<\/div>\r\n\t\r\n\t\t\r\n \t\t\r\n\t<div id=\"ngg-image-5113\" class=\"ngg-gallery-thumbnail-box\"  >\r\n\t\t<div class=\"ngg-gallery-thumbnail\" >\r\n\t\t\t<a href=\"http:\/\/parafiawielopole.r-ce.pl\/wp-content\/gallery\/niedziela-rozancowa-02-10-2016-r\/dsc09871.jpg\" title=\" \" class=\"shutterset_set_124\" >\r\n\t\t\t\t\t\t\t\t<img loading=\"lazy\" decoding=\"async\" title=\"dsc09871\" alt=\"dsc09871\" src=\"http:\/\/parafiawielopole.r-ce.pl\/wp-content\/gallery\/niedziela-rozancowa-02-10-2016-r\/thumbs\/thumbs_dsc09871.jpg\" width=\"120\" height=\"90\" \/>\r\n\t\t\t\t\t\t\t<\/a>\r\n\t\t<\/div>\r\n\t<\/div>\r\n\t\r\n\t\t\r\n \t\t\r\n\t<div id=\"ngg-image-5114\" class=\"ngg-gallery-thumbnail-box\"  >\r\n\t\t<div class=\"ngg-gallery-thumbnail\" >\r\n\t\t\t<a href=\"http:\/\/parafiawielopole.r-ce.pl\/wp-content\/gallery\/niedziela-rozancowa-02-10-2016-r\/dsc09872.jpg\" title=\" \" class=\"shutterset_set_124\" >\r\n\t\t\t\t\t\t\t\t<img loading=\"lazy\" decoding=\"async\" title=\"dsc09872\" alt=\"dsc09872\" src=\"http:\/\/parafiawielopole.r-ce.pl\/wp-content\/gallery\/niedziela-rozancowa-02-10-2016-r\/thumbs\/thumbs_dsc09872.jpg\" width=\"120\" height=\"90\" \/>\r\n\t\t\t\t\t\t\t<\/a>\r\n\t\t<\/div>\r\n\t<\/div>\r\n\t\r\n\t\t\r\n \t\t\r\n\t<div id=\"ngg-image-5115\" class=\"ngg-gallery-thumbnail-box\"  >\r\n\t\t<div class=\"ngg-gallery-thumbnail\" >\r\n\t\t\t<a href=\"http:\/\/parafiawielopole.r-ce.pl\/wp-content\/gallery\/niedziela-rozancowa-02-10-2016-r\/dsc09873.jpg\" title=\" \" class=\"shutterset_set_124\" >\r\n\t\t\t\t\t\t\t\t<img loading=\"lazy\" decoding=\"async\" title=\"dsc09873\" alt=\"dsc09873\" src=\"http:\/\/parafiawielopole.r-ce.pl\/wp-content\/gallery\/niedziela-rozancowa-02-10-2016-r\/thumbs\/thumbs_dsc09873.jpg\" width=\"120\" height=\"90\" \/>\r\n\t\t\t\t\t\t\t<\/a>\r\n\t\t<\/div>\r\n\t<\/div>\r\n\t\r\n\t\t\r\n \t\t\r\n\t<div id=\"ngg-image-5116\" class=\"ngg-gallery-thumbnail-box\"  >\r\n\t\t<div class=\"ngg-gallery-thumbnail\" >\r\n\t\t\t<a href=\"http:\/\/parafiawielopole.r-ce.pl\/wp-content\/gallery\/niedziela-rozancowa-02-10-2016-r\/dsc09874.jpg\" title=\" \" class=\"shutterset_set_124\" >\r\n\t\t\t\t\t\t\t\t<img loading=\"lazy\" decoding=\"async\" title=\"dsc09874\" alt=\"dsc09874\" src=\"http:\/\/parafiawielopole.r-ce.pl\/wp-content\/gallery\/niedziela-rozancowa-02-10-2016-r\/thumbs\/thumbs_dsc09874.jpg\" width=\"120\" height=\"90\" \/>\r\n\t\t\t\t\t\t\t<\/a>\r\n\t\t<\/div>\r\n\t<\/div>\r\n\t\r\n\t\t\r\n \t\t\r\n\t<div id=\"ngg-image-5117\" class=\"ngg-gallery-thumbnail-box\"  >\r\n\t\t<div class=\"ngg-gallery-thumbnail\" >\r\n\t\t\t<a href=\"http:\/\/parafiawielopole.r-ce.pl\/wp-content\/gallery\/niedziela-rozancowa-02-10-2016-r\/dsc09877.jpg\" title=\" \" class=\"shutterset_set_124\" >\r\n\t\t\t\t\t\t\t\t<img loading=\"lazy\" decoding=\"async\" title=\"dsc09877\" alt=\"dsc09877\" src=\"http:\/\/parafiawielopole.r-ce.pl\/wp-content\/gallery\/niedziela-rozancowa-02-10-2016-r\/thumbs\/thumbs_dsc09877.jpg\" width=\"120\" height=\"90\" \/>\r\n\t\t\t\t\t\t\t<\/a>\r\n\t\t<\/div>\r\n\t<\/div>\r\n\t\r\n\t\t\r\n \t\t\r\n\t<div id=\"ngg-image-5118\" class=\"ngg-gallery-thumbnail-box\"  >\r\n\t\t<div class=\"ngg-gallery-thumbnail\" >\r\n\t\t\t<a href=\"http:\/\/parafiawielopole.r-ce.pl\/wp-content\/gallery\/niedziela-rozancowa-02-10-2016-r\/dsc09881.jpg\" title=\" \" class=\"shutterset_set_124\" >\r\n\t\t\t\t\t\t\t\t<img loading=\"lazy\" decoding=\"async\" title=\"dsc09881\" alt=\"dsc09881\" src=\"http:\/\/parafiawielopole.r-ce.pl\/wp-content\/gallery\/niedziela-rozancowa-02-10-2016-r\/thumbs\/thumbs_dsc09881.jpg\" width=\"120\" height=\"90\" \/>\r\n\t\t\t\t\t\t\t<\/a>\r\n\t\t<\/div>\r\n\t<\/div>\r\n\t\r\n\t\t\r\n \t\t\r\n\t<div id=\"ngg-image-5119\" class=\"ngg-gallery-thumbnail-box\"  >\r\n\t\t<div class=\"ngg-gallery-thumbnail\" >\r\n\t\t\t<a href=\"http:\/\/parafiawielopole.r-ce.pl\/wp-content\/gallery\/niedziela-rozancowa-02-10-2016-r\/dsc09882.jpg\" title=\" \" class=\"shutterset_set_124\" >\r\n\t\t\t\t\t\t\t\t<img loading=\"lazy\" decoding=\"async\" title=\"dsc09882\" alt=\"dsc09882\" src=\"http:\/\/parafiawielopole.r-ce.pl\/wp-content\/gallery\/niedziela-rozancowa-02-10-2016-r\/thumbs\/thumbs_dsc09882.jpg\" width=\"120\" height=\"90\" \/>\r\n\t\t\t\t\t\t\t<\/a>\r\n\t\t<\/div>\r\n\t<\/div>\r\n\t\r\n\t\t\r\n \t \t\r\n\t<!-- Pagination -->\r\n \t<div class=\"ngg-clear\"><\/div> \t\r\n<\/div>\r\n\r\n\n","protected":false},"excerpt":{"rendered":"","protected":false},"author":1,"featured_media":0,"parent":91,"menu_order":0,"comment_status":"closed","ping_status":"closed","template":"","meta":{"footnotes":""},"class_list":["post-3532","page","type-page","status-publish","hentry"],"_links":{"self":[{"href":"http:\/\/parafiawielopole.r-ce.pl\/index.php?rest_route=\/wp\/v2\/pages\/3532","targetHints":{"allow":["GET"]}}],"collection":[{"href":"http:\/\/parafiawielopole.r-ce.pl\/index.php?rest_route=\/wp\/v2\/pages"}],"about":[{"href":"http:\/\/parafiawielopole.r-ce.pl\/index.php?rest_route=\/wp\/v2\/types\/page"}],"author":[{"embeddable":true,"href":"http:\/\/parafiawielopole.r-ce.pl\/index.php?rest_route=\/wp\/v2\/users\/1"}],"replies":[{"embeddable":true,"href":"http:\/\/parafiawielopole.r-ce.pl\/index.php?rest_route=%2Fwp%2Fv2%2Fcomments&post=3532"}],"version-history":[{"count":1,"href":"http:\/\/parafiawielopole.r-ce.pl\/index.php?rest_route=\/wp\/v2\/pages\/3532\/revisions"}],"predecessor-version":[{"id":3533,"href":"http:\/\/parafiawielopole.r-ce.pl\/index.php?rest_route=\/wp\/v2\/pages\/3532\/revisions\/3533"}],"up":[{"embeddable":true,"href":"http:\/\/parafiawielopole.r-ce.pl\/index.php?rest_route=\/wp\/v2\/pages\/91"}],"wp:attachment":[{"href":"http:\/\/parafiawielopole.r-ce.pl\/index.php?rest_route=%2Fwp%2Fv2%2Fmedia&parent=3532"}],"curies":[{"name":"wp","href":"https:\/\/api.w.org\/{rel}","templated":true}]}}