{"id":1704,"date":"2015-06-21T12:42:36","date_gmt":"2015-06-21T10:42:36","guid":{"rendered":"http:\/\/parafiawielopole.r-ce.pl\/?page_id=1704"},"modified":"2017-09-02T14:41:58","modified_gmt":"2017-09-02T12:41:58","slug":"katolickie-stowarzyszenie-mlodziezy","status":"publish","type":"page","link":"http:\/\/parafiawielopole.r-ce.pl\/?page_id=1704","title":{"rendered":"Katolickie Stowarzyszenie M\u0142odzie\u017cy"},"content":{"rendered":"<p><img loading=\"lazy\" decoding=\"async\" class=\"wp-image-1706 aligncenter\" src=\"http:\/\/parafiawielopole.r-ce.pl\/wp-content\/uploads\/2015\/06\/ksm.jpg\" alt=\"ksm\" width=\"481\" height=\"190\" srcset=\"http:\/\/parafiawielopole.r-ce.pl\/wp-content\/uploads\/2015\/06\/ksm.jpg 575w, http:\/\/parafiawielopole.r-ce.pl\/wp-content\/uploads\/2015\/06\/ksm-300x118.jpg 300w\" sizes=\"auto, (max-width: 481px) 100vw, 481px\" \/><\/p>\n<p style=\"text-align: center;\">\u201eZasadniczym celem <strong>Katolickiego Stowarzyszenia M\u0142odzie\u017cy<\/strong> jest kszta\u0142towanie dojrza\u0142ych chrze\u015bcijan oraz aktywne uczestnictwo we wsp\u00f3lnocie i misji Ko\u015bcio\u0142a przez s<strong>zerzenie i\u00a0upowszechnianie katolickich warto\u015bci i zasad<\/strong> we wszystkich dziedzinach \u017cycia, zw\u0142aszcza spo\u0142ecznego i kulturalnego.\u201d <em>(Statut KSM, par. 13).<\/em><\/p>\n<p style=\"text-align: center;\">KSM zrzesza m\u0142odych ludzi w wieku od 14 do 30 lat, pragn\u0105cych tw\u00f3rczo i aktywnie wykorzysta\u0107 swoj\u0105 m\u0142odo\u015b\u0107. KSM to tak\u017ce najlepszy spos\u00f3b, by odnale\u017a\u0107 swoje miejsce nie tylko w grupie r\u00f3wie\u015bnik\u00f3w w szkole b\u0105d\u017a parafii, ale w Stowarzyszeniu tworz\u0105cym w\u00a0Polsce jedn\u0105 wielk\u0105 rodzin\u0119. Rodzin\u0119 ludzi m\u0142odych, gotowych ca\u0142ym swoim \u017cyciem \u201e<strong>S\u0142u\u017cy\u0107 Bogu, Ko\u015bcio\u0142owi i Ojczy\u017anie<\/strong>\u201d<\/p>\n<p style=\"text-align: center;\">Przy naszej parafii w roku szkolnym 2014\/2015 reaktywowany zosta\u0142 Parafialny Oddzia\u0142 KSM-u, kt\u00f3ry spotyka si\u0119 w pi\u0105tki na modlitw\u0119, omawianie ciekawych temat\u00f3w, formuje si\u0119 duchowo, a tak\u017ce aktywnie w\u0142\u0105cza si\u0119 w \u017cycie religijne parafii.<\/p>\n<p><img loading=\"lazy\" decoding=\"async\" class=\"wp-image-1709 aligncenter\" src=\"http:\/\/parafiawielopole.r-ce.pl\/wp-content\/uploads\/2015\/06\/Bez-nazwy.jpg\" alt=\"Bez nazwy\" width=\"422\" height=\"264\" srcset=\"http:\/\/parafiawielopole.r-ce.pl\/wp-content\/uploads\/2015\/06\/Bez-nazwy.jpg 640w, http:\/\/parafiawielopole.r-ce.pl\/wp-content\/uploads\/2015\/06\/Bez-nazwy-300x187.jpg 300w\" sizes=\"auto, (max-width: 422px) 100vw, 422px\" \/><\/p>\n<h2><strong>Z kroniki naszych wydarze\u0144 w roku szkolnym 2016\/2017:<\/strong><\/h2>\n<p><span style=\"color: #000000;\"><a style=\"color: #000000;\" title=\"Wprowadzenie nowego Proboszcza 04.09.2016 r.\" href=\"http:\/\/parafiawielopole.r-ce.pl\/?page_id=3457\">\u2022 2016.09.04 \u2013 Wprowadzenie nowego Proboszcza\u00a0<\/a><br \/>\n<a style=\"color: #000000;\" title=\"Pielgrzymka do Sanktuarium w Zawadzie 11.09.2016 r.\" href=\"http:\/\/parafiawielopole.r-ce.pl\/?page_id=3484\">\u2022 2016.09.11 \u2013 Pielgrzymka do Sanktuarium w Zawadzie<br \/>\n<\/a><a style=\"color: #000000;\" title=\"Niedziela r\u00f3\u017ca\u0144cowa 02.10.2016 r.\" href=\"http:\/\/parafiawielopole.r-ce.pl\/?page_id=3532\">\u2022 2016.10.02 \u2013 Niedziela r\u00f3\u017ca\u0144cowa<\/a><br \/>\n<a style=\"color: #000000;\" title=\"Program s\u0142owno-muzyczny w 38. rocznic\u0119 wyboru Karola Wojty\u0142y na Papie\u017ca 16.10.2016 r.\" href=\"http:\/\/parafiawielopole.r-ce.pl\/?page_id=3598\">\u2022 2016.10.16 \u2013 Program s\u0142owno-muzyczny w 38. rocznic\u0119 wyboru Karola Wojty\u0142y na Papie\u017ca<br \/>\n<\/a> <a style=\"color: #000000;\" title=\"Spotkanie ze \u015awi\u0119tym Miko\u0142ajem 05.12.2016 r.\" href=\"http:\/\/parafiawielopole.r-ce.pl\/?page_id=3752\">\u2022 2016.12.05 \u2013 Spotkanie ze \u015awi\u0119tym Miko\u0142ajem<\/a><\/span><br \/>\n<span style=\"color: #000000;\"><a style=\"color: #000000;\" title=\"Orszak Trzech Kr\u00f3li 06.01.2017 r.\" href=\"http:\/\/parafiawielopole.r-ce.pl\/?page_id=3891\">\u2022 2017.01.06 \u2013 Orszak Trzech Kr\u00f3li\u00a0<\/a><a style=\"color: #000000;\" title=\"Dekanalny Turniej Halowej Pi\u0142ki No\u017cnej LSO 18.02.2017 r.\" href=\"http:\/\/parafiawielopole.r-ce.pl\/?page_id=3982\"><br \/>\n<\/a><a style=\"color: #000000;\" title=\"Turniej pi\u0142ki siatkowej o Puchar Przechodni LSO i KSM 20.02.2017 r.\" href=\"http:\/\/parafiawielopole.r-ce.pl\/?page_id=3994\">\u2022 2017.02.20 \u2013 Turniej pi\u0142ki siatkowej o Puchar Przechodni LSO i KSM<\/a><a style=\"color: #000000;\" title=\"Do\u017cynki Gminne 07.09.2014 r.\" href=\"http:\/\/parafiawielopole.r-ce.pl\/?page_id=393\">\u00a0<\/a><a style=\"color: #000000;\" title=\"Sala spotka\u0144 Liturgicznej S\u0142u\u017cby O\u0142tarza 15.03.2017 r.\" href=\"http:\/\/parafiawielopole.r-ce.pl\/?page_id=4037\"><br \/>\n<\/a><a style=\"color: #000000;\" title=\"Szkolne rekolekcje wielkopostne 22-24.03.2017 r.\" href=\"http:\/\/parafiawielopole.r-ce.pl\/?page_id=4072\">\u2022 2017.03.22-24 \u2013 Szkolne rekolekcje wielkopostne<\/a><a style=\"color: #000000;\" title=\"Do\u017cynki Gminne 07.09.2014 r.\" href=\"http:\/\/parafiawielopole.r-ce.pl\/?page_id=393\"><br \/>\n<\/a><a style=\"color: #000000;\" title=\"Droga Krzy\u017cowa w plenerze 31.03.2017 r.\" href=\"http:\/\/parafiawielopole.r-ce.pl\/?page_id=4088\">\u2022 2017.03.31 \u2013 Droga Krzy\u017cowa w plenerze<\/a><a style=\"color: #000000;\" title=\"Do\u017cynki Gminne 07.09.2014 r.\" href=\"http:\/\/parafiawielopole.r-ce.pl\/?page_id=393\"><br \/>\n<\/a><a style=\"color: #000000;\" title=\"Niedziela Palmowa 09.04.2017 r.\" href=\"http:\/\/parafiawielopole.r-ce.pl\/?page_id=4129\">\u2022 2017.04.09 \u2013 Niedziela Palmowa<\/a><a style=\"color: #000000;\" title=\"Do\u017cynki Gminne 07.09.2014 r.\" href=\"http:\/\/parafiawielopole.r-ce.pl\/?page_id=393\">\u00a0<\/a><a style=\"color: #000000;\" title=\"Do\u017cynki Gminne 07.09.2014 r.\" href=\"http:\/\/parafiawielopole.r-ce.pl\/?page_id=393\"><br \/>\n<\/a><a style=\"color: #000000;\" title=\"Wizytacja Kanoniczna Ks. Bpa Edwarda Bia\u0142og\u0142owskiego 27.04.2017 r.\" href=\"http:\/\/parafiawielopole.r-ce.pl\/?page_id=4213\">\u2022 2017.04.27 \u2013 Wizytacja Kanoniczna Ks. Bpa Edwarda Bia\u0142og\u0142owskiego<\/a><\/span><br \/>\n<span style=\"color: #000000;\"><a style=\"color: #000000;\" title=\"Do\u017cynki Gminne 07.09.2014 r.\" href=\"http:\/\/parafiawielopole.r-ce.pl\/?page_id=393\">\u00a0<\/a><a style=\"color: #000000;\" title=\"Dekanalny Turniej Pi\u0142ki Siatkowej KSM 17.06.2017 r.\" href=\"http:\/\/parafiawielopole.r-ce.pl\/?page_id=4395\">\u2022 2017.06.17 \u2013 Dekanalny Turniej Pi\u0142ki Siatkowej KSM<\/a><\/span><br \/>\n<span style=\"color: #000000;\"> <a style=\"color: #000000;\" title=\"Odpust i Do\u017cynki Parafialne 15.08.2017 r.\" href=\"http:\/\/parafiawielopole.r-ce.pl\/?page_id=4571\">\u2022 2017.08.15 \u2013 Odpust i Do\u017cynki Parafialne<\/a><\/span><\/p>\n<p><img loading=\"lazy\" decoding=\"async\" class=\"wp-image-1708 aligncenter\" src=\"http:\/\/parafiawielopole.r-ce.pl\/wp-content\/uploads\/2015\/06\/KSM-baner.jpg\" alt=\"KSM baner\" width=\"549\" height=\"162\" srcset=\"http:\/\/parafiawielopole.r-ce.pl\/wp-content\/uploads\/2015\/06\/KSM-baner.jpg 2137w, http:\/\/parafiawielopole.r-ce.pl\/wp-content\/uploads\/2015\/06\/KSM-baner-300x88.jpg 300w, http:\/\/parafiawielopole.r-ce.pl\/wp-content\/uploads\/2015\/06\/KSM-baner-1024x302.jpg 1024w\" sizes=\"auto, (max-width: 549px) 100vw, 549px\" \/><\/p>\n","protected":false},"excerpt":{"rendered":"<p>\u201eZasadniczym celem Katolickiego Stowarzyszenia M\u0142odzie\u017cy jest kszta\u0142towanie dojrza\u0142ych chrze\u015bcijan oraz aktywne uczestnictwo we wsp\u00f3lnocie i misji Ko\u015bcio\u0142a przez szerzenie i\u00a0upowszechnianie katolickich warto\u015bci i zasad we wszystkich dziedzinach \u017cycia, zw\u0142aszcza spo\u0142ecznego i kulturalnego.\u201d (Statut KSM, par. 13). KSM zrzesza m\u0142odych ludzi w wieku od 14 do 30 lat, pragn\u0105cych tw\u00f3rczo i aktywnie wykorzysta\u0107 swoj\u0105 m\u0142odo\u015b\u0107. KSM [&hellip;]<\/p>\n","protected":false},"author":1,"featured_media":0,"parent":89,"menu_order":0,"comment_status":"closed","ping_status":"closed","template":"","meta":{"footnotes":""},"class_list":["post-1704","page","type-page","status-publish","hentry"],"_links":{"self":[{"href":"http:\/\/parafiawielopole.r-ce.pl\/index.php?rest_route=\/wp\/v2\/pages\/1704","targetHints":{"allow":["GET"]}}],"collection":[{"href":"http:\/\/parafiawielopole.r-ce.pl\/index.php?rest_route=\/wp\/v2\/pages"}],"about":[{"href":"http:\/\/parafiawielopole.r-ce.pl\/index.php?rest_route=\/wp\/v2\/types\/page"}],"author":[{"embeddable":true,"href":"http:\/\/parafiawielopole.r-ce.pl\/index.php?rest_route=\/wp\/v2\/users\/1"}],"replies":[{"embeddable":true,"href":"http:\/\/parafiawielopole.r-ce.pl\/index.php?rest_route=%2Fwp%2Fv2%2Fcomments&post=1704"}],"version-history":[{"count":5,"href":"http:\/\/parafiawielopole.r-ce.pl\/index.php?rest_route=\/wp\/v2\/pages\/1704\/revisions"}],"predecessor-version":[{"id":4647,"href":"http:\/\/parafiawielopole.r-ce.pl\/index.php?rest_route=\/wp\/v2\/pages\/1704\/revisions\/4647"}],"up":[{"embeddable":true,"href":"http:\/\/parafiawielopole.r-ce.pl\/index.php?rest_route=\/wp\/v2\/pages\/89"}],"wp:attachment":[{"href":"http:\/\/parafiawielopole.r-ce.pl\/index.php?rest_route=%2Fwp%2Fv2%2Fmedia&parent=1704"}],"curies":[{"name":"wp","href":"https:\/\/api.w.org\/{rel}","templated":true}]}}